{"id":8,"date":"2022-01-04T07:50:42","date_gmt":"2022-01-04T07:50:42","guid":{"rendered":"http:\/\/bavette.dk\/?page_id=8"},"modified":"2026-04-27T09:13:29","modified_gmt":"2026-04-27T07:13:29","slug":"forside","status":"publish","type":"page","link":"https:\/\/bavette.dk\/da\/","title":{"rendered":"Forside"},"content":{"rendered":"<div class=\"brz brz-root__container brz-reset-all brz-root__container-page\">\n<section id=\"fW7FhDh8yLHL_fW7FhDh8yLHL\" class=\"brz-section brz-css-1e6jpn8 brz-css-od3y3\">\n<div class=\"brz-section__content brz-section--fullWidth brz-css-1qdzfya brz-css-k9t199\" data-brz-custom-id=\"t1pCLJFCEob9\">\n<div class=\"brz-bg\">\n<div class=\"brz-bg-color\"><\/div>\n<\/div>\n<div class=\"brz-container brz-css-atf2ar brz-css-1i0vjej\">\n<div class=\"brz-row__container brz-css-uk7t4o brz-css-x7j7ie\" data-brz-custom-id=\"tZomh05thSDX\">\n<div class=\"brz-row brz-css-vhoclj brz-css-1izdyqo\">\n<div class=\"brz-columns brz-css-1bx7vqo brz-css-1t8cno5\" data-brz-custom-id=\"aSeLPuIZVjB9\">\n<div class=\"brz-column__items brz-css-1siijv0 brz-css-d5nni6\">\n<div id=\"\" class=\"brz-css-14kefei brz-css-e832ey brz-wrapper\">\n<div class=\"brz-rich-text brz-rich-text__custom brz-css-1oemw7f brz-css-tql56g\" data-brz-custom-id=\"l29E6u0glP3Z\">\n<div data-brz-translate-text=\"1\">\n<p class=\"brz-tp-lg-paragraph brz-ff-noto_serif brz-ft-google brz-fs-lg-16 brz-fss-lg-px brz-fw-lg-400 brz-ls-lg-0 brz-lh-lg-1_9 brz-vfw-lg-400 brz-fwdth-lg-100 brz-fsft-lg-0 brz-css-dWUjF\" data-generated-css=\"brz-css-c1FuA\" data-uniq-id=\"eK8Qe\"><span class=\"brz-cp-color2\">Navnet Bavette kommer fra udsk\u00e6ringen af samme navn. Og d\u00e9t er det eneste, vi serverer: Et stykke velsmagende k\u00f8d serveret med tynde pommes frites og klassisk sauce myst\u00e8re. Der er ingen sv\u00e6re valg. Lige indtil du kommer til dessertkortet\u2026<\/span><\/p>\n<\/div>\n<\/div>\n<\/div>\n<\/div>\n<\/div>\n<div class=\"brz-columns brz-css-1bx7vqo brz-css-bpjly9\" data-brz-custom-id=\"utEgAozWGrRB\">\n<div class=\"brz-column__items brz-css-1siijv0 brz-css-elw1nf\">\n<div id=\"\" class=\"brz-css-14kefei brz-css-ur3lsp brz-wrapper\">\n<div class=\"brz-image brz-css-11zxj7a brz-css-a7ustn\" data-brz-custom-id=\"sPju4sVvayvD\"><img decoding=\"async\" class=\"brz-img brz-img-svg lazyload\" data-src=\"https:\/\/bavette.dk\/wp-content\/uploads\/2025\/05\/sloejfe-bg.svg\" title=\"\" src=\"data:image\/svg+xml;base64,PHN2ZyB3aWR0aD0iMSIgaGVpZ2h0PSIxIiB4bWxucz0iaHR0cDovL3d3dy53My5vcmcvMjAwMC9zdmciPjwvc3ZnPg==\"><\/div>\n<\/div>\n<\/div>\n<\/div>\n<\/div>\n<\/div>\n<\/div>\n<\/div>\n<\/section><\/div>\n<p><!-- version:1777008865 --><\/p>\n","protected":false},"excerpt":{"rendered":"<p>Navnet Bavette kommer fra udsk\u00e6ringen af samme navn. Og d\u00e9t er det eneste, vi serverer: Et stykke velsmagende k\u00f8d serveret med tynde pommes frites og klassisk sauce myst\u00e8re. Der er ingen sv\u00e6re valg. Lige indtil du kommer til dessertkortet\u2026<\/p>\n","protected":false},"author":2,"featured_media":0,"parent":0,"menu_order":0,"comment_status":"closed","ping_status":"closed","template":"brizy-blank-template.php","meta":{"footnotes":""},"class_list":["post-8","page","type-page","status-publish","hentry"],"brizy_media":[{"id":48,"url":"https:\/\/bavette.dk\/wp-content\/uploads\/2025\/05\/Logo_SVG.svg","name":"Logo_SVG.svg","meta":{"brizy_attachment_uid":"wp-7034df27818758527b792ab09190c26b.svg","brizy_post_uid":["d827e8486cf5239a6ad991d8eac131dd"]}},{"id":176,"url":"https:\/\/bavette.dk\/wp-content\/uploads\/2025\/05\/Logo_Hvid_SVG.svg","name":"Logo_Hvid_SVG.svg","meta":{"brizy_attachment_uid":"wp-766c54f33c6ffce28cbe83b051dcfb32.svg","brizy_post_uid":["d827e8486cf5239a6ad991d8eac131dd"]}},{"id":447,"url":"https:\/\/bavette.dk\/wp-content\/uploads\/2025\/05\/sloejfe-bg.svg","name":"sloejfe-bg.svg","meta":{"brizy_attachment_uid":"wp-6fb0c284c4b00ce83c497749c932db45.svg","brizy_post_uid":["d827e8486cf5239a6ad991d8eac131dd"]}},{"id":521,"url":"https:\/\/bavette.dk\/wp-content\/uploads\/2025\/05\/Logo_add-on.png","name":"Logo_add-on.png","meta":{"brizy_attachment_uid":"wp-b725ef2c71080b1478e6e5cbedd3f963.png","brizy_post_uid":["d827e8486cf5239a6ad991d8eac131dd"]}},{"id":553,"url":"https:\/\/bavette.dk\/wp-content\/uploads\/2025\/05\/Logo_add-on-resize.png","name":"Logo_add-on-resize.png","meta":{"brizy_attachment_uid":"wp-39eb9674efe421dcc6dd6a145f318d39.png","brizy_post_uid":["78209dcd078a29040264c6a3cd39ab47","d827e8486cf5239a6ad991d8eac131dd","e2ab546c81940d8f851a612a19f0c696"]}}],"_links":{"self":[{"href":"https:\/\/bavette.dk\/da\/wp-json\/wp\/v2\/pages\/8","targetHints":{"allow":["GET"]}}],"collection":[{"href":"https:\/\/bavette.dk\/da\/wp-json\/wp\/v2\/pages"}],"about":[{"href":"https:\/\/bavette.dk\/da\/wp-json\/wp\/v2\/types\/page"}],"author":[{"embeddable":true,"href":"https:\/\/bavette.dk\/da\/wp-json\/wp\/v2\/users\/2"}],"replies":[{"embeddable":true,"href":"https:\/\/bavette.dk\/da\/wp-json\/wp\/v2\/comments?post=8"}],"version-history":[{"count":6,"href":"https:\/\/bavette.dk\/da\/wp-json\/wp\/v2\/pages\/8\/revisions"}],"predecessor-version":[{"id":1457,"href":"https:\/\/bavette.dk\/da\/wp-json\/wp\/v2\/pages\/8\/revisions\/1457"}],"wp:attachment":[{"href":"https:\/\/bavette.dk\/da\/wp-json\/wp\/v2\/media?parent=8"}],"curies":[{"name":"wp","href":"https:\/\/api.w.org\/{rel}","templated":true}]}}